{"id":309,"date":"2023-06-29T20:15:43","date_gmt":"2023-06-29T23:15:43","guid":{"rendered":"https:\/\/bragancaparaisoadv.com.br\/?page_id=309"},"modified":"2024-07-03T11:40:56","modified_gmt":"2024-07-03T14:40:56","slug":"sobre-mim","status":"publish","type":"page","link":"https:\/\/bragancaparaisoadv.com.br\/index.php\/sobre-mim\/","title":{"rendered":"Sobre mim"},"content":{"rendered":"\t\t<div data-elementor-type=\"wp-page\" data-elementor-id=\"309\" class=\"elementor elementor-309\">\n\t\t\t\t<div class=\"elementor-element elementor-element-c033fb9 e-flex e-con-boxed e-con e-parent\" data-id=\"c033fb9\" data-element_type=\"container\" data-settings=\"{&quot;background_background&quot;:&quot;classic&quot;}\">\n\t\t\t\t\t<div class=\"e-con-inner\">\n\t\t\t\t<div class=\"elementor-element elementor-element-73d97ce elementor-widget elementor-widget-heading\" data-id=\"73d97ce\" data-element_type=\"widget\" data-settings=\"{&quot;_animation_mobile&quot;:&quot;fadeIn&quot;}\" data-widget_type=\"heading.default\">\n\t\t\t\t<div class=\"elementor-widget-container\">\n\t\t\t\t\t<h2 class=\"elementor-heading-title elementor-size-default\">Daymiller Paraiso<\/h2>\t\t\t\t<\/div>\n\t\t\t\t<\/div>\n\t\t\t\t<div class=\"elementor-element elementor-element-38363a1 elementor-invisible elementor-widget elementor-widget-text-editor\" data-id=\"38363a1\" data-element_type=\"widget\" data-settings=\"{&quot;_animation&quot;:&quot;fadeIn&quot;,&quot;_animation_mobile&quot;:&quot;fadeIn&quot;}\" data-widget_type=\"text-editor.default\">\n\t\t\t\t<div class=\"elementor-widget-container\">\n\t\t\t\t\t\t\t\t\t<p>Atualmente atendemos in\u00fameros servidores p\u00fablicos, em todo Estado do Rio de Janeiro, sendo nos munic\u00edpios de Araruama, Iguaba Grande, Cabo Frio, Rio Bonito, Niter\u00f3i, Serop\u00e9dica, munic\u00edpio do RJ e Estado, dentre outros, prestando assessoria jur\u00eddica aos servidores, tais como; merendeiras, ASGs, agentes administrativos, professores, docentes, pedagogos, orientadores pedag\u00f3gicos e educacionais, diretores e etc.\u00a0<\/p><p>No ano de 2018 comecei a advogar no \u00e2mbito do direito administrativo, em prol dos integrantes do magist\u00e9rio p\u00fablico efetivo (professores e especialistas em educa\u00e7\u00e3o), visando garantir o devido enquadramento\/progress\u00e3o funcional, tempo de servi\u00e7o, incorpora\u00e7\u00e3o de gratifica\u00e7\u00e3o de reg\u00eancia e produtividade, revis\u00e3o de seus valores, licen\u00e7as e demais gratifica\u00e7\u00f5es.<\/p><p>Meu primeiro contato, com o direito administrativo, se deu ainda quando eu era estagi\u00e1rio, no ano de 2013, onde pude ajudar uma professora a ingressar com uma a\u00e7\u00e3o contra o munic\u00edpio, buscando a garantia de seus direitos.<\/p><p>Antes de iniciar minha carreira, em 2017, por 5 anos fui estagi\u00e1rio na Defensoria P\u00fablica, na Comarca de Araruama, realizando atividades em todos os setores (Vara Criminal, Vara C\u00edvel, Vara de Fam\u00edlia, Juizado Especial C\u00edvel e Criminal, e n\u00facleo de 1\u00b0 atendimento). Atualmente sou p\u00f3s-graduando em direito administrativo, membro da Comiss\u00e3o de Direito P\u00fablico e Delegado da Comiss\u00e3o de Prerrogativas, na 28\u00aa Subse\u00e7\u00e3o.<\/p><p>Atuamos apresentando solu\u00e7\u00f5es para os servidores p\u00fablicos, de modo a impedir abusos, arbitrariedades e ilegalidades que possam ser praticados pela Administra\u00e7\u00e3o P\u00fablica Municipal, Estadual ou Federal.<\/p>\t\t\t\t\t\t\t\t<\/div>\n\t\t\t\t<\/div>\n\t\t\t\t<div class=\"elementor-element elementor-element-8a4a628 elementor-align-center elementor-mobile-align-center elementor-widget elementor-widget-button\" data-id=\"8a4a628\" data-element_type=\"widget\" data-settings=\"{&quot;_animation_mobile&quot;:&quot;fadeIn&quot;}\" data-widget_type=\"button.default\">\n\t\t\t\t<div class=\"elementor-widget-container\">\n\t\t\t\t\t\t\t\t\t<div class=\"elementor-button-wrapper\">\n\t\t\t\t\t<a class=\"elementor-button elementor-button-link elementor-size-sm\" href=\"https:\/\/bragancaparaisoadv.com.br\/index.php\/pag-links-2\/\">\n\t\t\t\t\t\t<span class=\"elementor-button-content-wrapper\">\n\t\t\t\t\t\t<span class=\"elementor-button-icon\">\n\t\t\t\t<i aria-hidden=\"true\" class=\"far fa-arrow-alt-circle-left\"><\/i>\t\t\t<\/span>\n\t\t\t\t\t\t\t\t\t<span class=\"elementor-button-text\">Voltar<\/span>\n\t\t\t\t\t<\/span>\n\t\t\t\t\t<\/a>\n\t\t\t\t<\/div>\n\t\t\t\t\t\t\t\t<\/div>\n\t\t\t\t<\/div>\n\t\t\t\t<div class=\"elementor-element elementor-element-627ebc3 elementor-invisible elementor-widget elementor-widget-image\" data-id=\"627ebc3\" data-element_type=\"widget\" data-settings=\"{&quot;_animation&quot;:&quot;fadeIn&quot;,&quot;_animation_mobile&quot;:&quot;none&quot;}\" data-widget_type=\"image.default\">\n\t\t\t\t<div class=\"elementor-widget-container\">\n\t\t\t\t\t\t\t\t\t\t\t\t\t\t\t<img fetchpriority=\"high\" decoding=\"async\" width=\"498\" height=\"253\" src=\"https:\/\/bragancaparaisoadv.com.br\/wp-content\/uploads\/2023\/06\/fv-removebg-preview-e1688069309271.png\" class=\"attachment-full size-full wp-image-18\" alt=\"\" srcset=\"https:\/\/bragancaparaisoadv.com.br\/wp-content\/uploads\/2023\/06\/fv-removebg-preview-e1688069309271.png 498w, https:\/\/bragancaparaisoadv.com.br\/wp-content\/uploads\/2023\/06\/fv-removebg-preview-e1688069309271-300x152.png 300w\" sizes=\"(max-width: 498px) 100vw, 498px\" \/>\t\t\t\t\t\t\t\t\t\t\t\t\t\t\t<\/div>\n\t\t\t\t<\/div>\n\t\t\t\t\t<\/div>\n\t\t\t\t<\/div>\n\t\t\t\t<\/div>\n\t\t","protected":false},"excerpt":{"rendered":"<p>Daymiller Paraiso Atualmente atendemos in\u00fameros servidores p\u00fablicos, em todo Estado do Rio de Janeiro, sendo nos munic\u00edpios de Araruama, Iguaba Grande, Cabo Frio, Rio Bonito, Niter\u00f3i, Serop\u00e9dica, munic\u00edpio do RJ e Estado, dentre outros, prestando assessoria jur\u00eddica aos servidores, tais como; merendeiras, ASGs, agentes administrativos, professores, docentes, pedagogos, orientadores pedag\u00f3gicos e educacionais, diretores e etc.\u00a0 [&hellip;]<\/p>\n","protected":false},"author":1,"featured_media":0,"parent":0,"menu_order":0,"comment_status":"closed","ping_status":"closed","template":"elementor_canvas","meta":{"footnotes":""},"_links":{"self":[{"href":"https:\/\/bragancaparaisoadv.com.br\/index.php\/wp-json\/wp\/v2\/pages\/309"}],"collection":[{"href":"https:\/\/bragancaparaisoadv.com.br\/index.php\/wp-json\/wp\/v2\/pages"}],"about":[{"href":"https:\/\/bragancaparaisoadv.com.br\/index.php\/wp-json\/wp\/v2\/types\/page"}],"author":[{"embeddable":true,"href":"https:\/\/bragancaparaisoadv.com.br\/index.php\/wp-json\/wp\/v2\/users\/1"}],"replies":[{"embeddable":true,"href":"https:\/\/bragancaparaisoadv.com.br\/index.php\/wp-json\/wp\/v2\/comments?post=309"}],"version-history":[{"count":74,"href":"https:\/\/bragancaparaisoadv.com.br\/index.php\/wp-json\/wp\/v2\/pages\/309\/revisions"}],"predecessor-version":[{"id":468,"href":"https:\/\/bragancaparaisoadv.com.br\/index.php\/wp-json\/wp\/v2\/pages\/309\/revisions\/468"}],"wp:attachment":[{"href":"https:\/\/bragancaparaisoadv.com.br\/index.php\/wp-json\/wp\/v2\/media?parent=309"}],"curies":[{"name":"wp","href":"https:\/\/api.w.org\/{rel}","templated":true}]}}